{"id":529,"date":"2024-07-12T08:26:37","date_gmt":"2024-07-12T08:26:37","guid":{"rendered":"https:\/\/goodmorningberlin.com\/entreprises\/?page_id=529"},"modified":"2026-03-21T10:38:07","modified_gmt":"2026-03-21T10:38:07","slug":"soirees-evenementielles-berlin","status":"publish","type":"page","link":"https:\/\/goodmorningberlin.com\/entreprises\/soirees-evenementielles-berlin\/","title":{"rendered":"Soir\u00e9es \u00e9v\u00e9nementielles \u00e0 Berlin"},"content":{"rendered":"\t\t<div data-elementor-type=\"wp-page\" data-elementor-id=\"529\" class=\"elementor elementor-529\" data-elementor-post-type=\"page\">\n\t\t\t\t\t\t<section class=\"elementor-section elementor-top-section elementor-element elementor-element-1f5f8550 elementor-reverse-mobile elementor-section-boxed elementor-section-height-default elementor-section-height-default\" data-id=\"1f5f8550\" data-element_type=\"section\" data-e-type=\"section\">\n\t\t\t\t\t\t<div class=\"elementor-container elementor-column-gap-no\">\n\t\t\t\t\t<div class=\"elementor-column elementor-col-100 elementor-top-column elementor-element elementor-element-16bfedaf\" data-id=\"16bfedaf\" data-element_type=\"column\" data-e-type=\"column\">\n\t\t\t<div class=\"elementor-widget-wrap elementor-element-populated\">\n\t\t\t\t\t\t<div class=\"elementor-element elementor-element-96b21e7 elementor-widget elementor-widget-text-editor\" data-id=\"96b21e7\" data-element_type=\"widget\" data-e-type=\"widget\" data-widget_type=\"text-editor.default\">\n\t\t\t\t<div class=\"elementor-widget-container\">\n\t\t\t\t\t\t\t\t\tQue vous soyez \u00e0 Berlin \u00e0 l\u2019occasion d\u2019un s\u00e9minaire, d\u2019un salon, d\u2019un voyage incentive ou pour cr\u00e9er un \u00e9v\u00e9nement sp\u00e9cial dans la capitale allemande, nous vous aidons \u00e0 trouver les meilleurs restaurants, la salle de location qui correspond \u00e0 vos attentes, le DJ ou les musiciens qui animeront votre soir\u00e9e, le traiteur le plus innovant de Berlin, un appartement design qui accueillera votre \u00e9quipe le temps d\u2019un d\u00eener priv\u00e9\u2026\t\t\t\t\t\t\t\t<\/div>\n\t\t\t\t<\/div>\n\t\t\t\t<div class=\"elementor-element elementor-element-1b39f7a elementor-align-center elementor-widget elementor-widget-button\" data-id=\"1b39f7a\" data-element_type=\"widget\" data-e-type=\"widget\" data-widget_type=\"button.default\">\n\t\t\t\t<div class=\"elementor-widget-container\">\n\t\t\t\t\t\t\t\t\t<div class=\"elementor-button-wrapper\">\n\t\t\t\t\t<a class=\"elementor-button elementor-button-link elementor-size-sm\" href=\"#contact\">\n\t\t\t\t\t\t<span class=\"elementor-button-content-wrapper\">\n\t\t\t\t\t\t\t\t\t<span class=\"elementor-button-text\">CONTACTEZ-NOUS<\/span>\n\t\t\t\t\t<\/span>\n\t\t\t\t\t<\/a>\n\t\t\t\t<\/div>\n\t\t\t\t\t\t\t\t<\/div>\n\t\t\t\t<\/div>\n\t\t\t\t\t<\/div>\n\t\t<\/div>\n\t\t\t\t\t<\/div>\n\t\t<\/section>\n\t\t<div class=\"elementor-element elementor-element-17fca68 e-flex e-con-boxed e-con e-parent\" data-id=\"17fca68\" data-element_type=\"container\" data-e-type=\"container\">\n\t\t\t\t\t<div class=\"e-con-inner\">\n\t\t\t\t<div class=\"elementor-element elementor-element-07291d6 elementor-widget elementor-widget-spacer\" data-id=\"07291d6\" data-element_type=\"widget\" data-e-type=\"widget\" data-widget_type=\"spacer.default\">\n\t\t\t\t<div class=\"elementor-widget-container\">\n\t\t\t\t\t\t\t<div class=\"elementor-spacer\">\n\t\t\t<div class=\"elementor-spacer-inner\"><\/div>\n\t\t<\/div>\n\t\t\t\t\t\t<\/div>\n\t\t\t\t<\/div>\n\t\t\t\t<div class=\"elementor-element elementor-element-21d5004 elementor-widget elementor-widget-heading\" data-id=\"21d5004\" data-element_type=\"widget\" data-e-type=\"widget\" data-widget_type=\"heading.default\">\n\t\t\t\t<div class=\"elementor-widget-container\">\n\t\t\t\t\t<h2 class=\"elementor-heading-title elementor-size-default\">Nos services pour votre \u00e9v\u00e9nement<\/h2>\t\t\t\t<\/div>\n\t\t\t\t<\/div>\n\t\t\t\t<div class=\"elementor-element elementor-element-4c396be elementor-widget elementor-widget-text-editor\" data-id=\"4c396be\" data-element_type=\"widget\" data-e-type=\"widget\" data-widget_type=\"text-editor.default\">\n\t\t\t\t<div class=\"elementor-widget-container\">\n\t\t\t\t\t\t\t\t\t<p style=\"text-align: center;\">Notre objectif est de faire de votre soir\u00e9e un moment inoubliable. Nous organisons des soir\u00e9es priv\u00e9es \u00e0 Berlin pour des groupes de toute taille, en tenant compte de vos pr\u00e9f\u00e9rences et de votre budget. Voici ce que nous pouvons offrir :<\/p>\t\t\t\t\t\t\t\t<\/div>\n\t\t\t\t<\/div>\n\t\t\t\t\t<\/div>\n\t\t\t\t<\/div>\n\t\t\t\t<section class=\"elementor-section elementor-top-section elementor-element elementor-element-8cfc92f elementor-section-boxed elementor-section-height-default elementor-section-height-default\" data-id=\"8cfc92f\" data-element_type=\"section\" data-e-type=\"section\">\n\t\t\t\t\t\t<div class=\"elementor-container elementor-column-gap-default\">\n\t\t\t\t\t<div class=\"elementor-column elementor-col-33 elementor-top-column elementor-element elementor-element-42b91c0\" data-id=\"42b91c0\" data-element_type=\"column\" data-e-type=\"column\">\n\t\t\t<div class=\"elementor-widget-wrap elementor-element-populated\">\n\t\t\t\t\t\t<div class=\"elementor-element elementor-element-ec825e4 elementor-widget elementor-widget-image\" data-id=\"ec825e4\" data-element_type=\"widget\" data-e-type=\"widget\" data-widget_type=\"image.default\">\n\t\t\t\t<div class=\"elementor-widget-container\">\n\t\t\t\t\t\t\t\t\t\t\t\t\t\t\t<img fetchpriority=\"high\" decoding=\"async\" width=\"768\" height=\"768\" src=\"https:\/\/goodmorningberlin.com\/entreprises\/wp-content\/uploads\/2026\/03\/GMBE-Restaurant-Berlin-768x768.webp\" class=\"attachment-medium_large size-medium_large wp-image-1414\" alt=\"\" srcset=\"https:\/\/goodmorningberlin.com\/entreprises\/wp-content\/uploads\/2026\/03\/GMBE-Restaurant-Berlin-768x768.webp 768w, https:\/\/goodmorningberlin.com\/entreprises\/wp-content\/uploads\/2026\/03\/GMBE-Restaurant-Berlin-300x300.webp 300w, https:\/\/goodmorningberlin.com\/entreprises\/wp-content\/uploads\/2026\/03\/GMBE-Restaurant-Berlin-150x150.webp 150w, https:\/\/goodmorningberlin.com\/entreprises\/wp-content\/uploads\/2026\/03\/GMBE-Restaurant-Berlin-600x600.webp 600w, https:\/\/goodmorningberlin.com\/entreprises\/wp-content\/uploads\/2026\/03\/GMBE-Restaurant-Berlin.webp 800w\" sizes=\"(max-width: 768px) 100vw, 768px\" \/>\t\t\t\t\t\t\t\t\t\t\t\t\t\t\t<\/div>\n\t\t\t\t<\/div>\n\t\t\t\t<div class=\"elementor-element elementor-element-e298889 elementor-widget elementor-widget-heading\" data-id=\"e298889\" data-element_type=\"widget\" data-e-type=\"widget\" data-widget_type=\"heading.default\">\n\t\t\t\t<div class=\"elementor-widget-container\">\n\t\t\t\t\t<h3 class=\"elementor-heading-title elementor-size-default\">Recherche de Restaurants<\/h3>\t\t\t\t<\/div>\n\t\t\t\t<\/div>\n\t\t\t\t<div class=\"elementor-element elementor-element-6a9a50c elementor-widget elementor-widget-text-editor\" data-id=\"6a9a50c\" data-element_type=\"widget\" data-e-type=\"widget\" data-widget_type=\"text-editor.default\">\n\t\t\t\t<div class=\"elementor-widget-container\">\n\t\t\t\t\t\t\t\t\t<p>D\u00e9couvrez les meilleurs restaurants de Berlin, s\u00e9lectionn\u00e9s selon vos go\u00fbts et contraintes. Gastronomie locale ou internationale, ambiance d\u00e9contract\u00e9e ou formelle, nous trouvons le lieu parfait pour votre d\u00eener d\u2019entreprise.<\/p>\t\t\t\t\t\t\t\t<\/div>\n\t\t\t\t<\/div>\n\t\t\t\t\t<\/div>\n\t\t<\/div>\n\t\t\t\t<div class=\"elementor-column elementor-col-33 elementor-top-column elementor-element elementor-element-4b45d23\" data-id=\"4b45d23\" data-element_type=\"column\" data-e-type=\"column\">\n\t\t\t<div class=\"elementor-widget-wrap elementor-element-populated\">\n\t\t\t\t\t\t<div class=\"elementor-element elementor-element-6d7b845 elementor-widget elementor-widget-image\" data-id=\"6d7b845\" data-element_type=\"widget\" data-e-type=\"widget\" data-widget_type=\"image.default\">\n\t\t\t\t<div class=\"elementor-widget-container\">\n\t\t\t\t\t\t\t\t\t\t\t\t\t\t\t<img decoding=\"async\" width=\"768\" height=\"768\" src=\"https:\/\/goodmorningberlin.com\/entreprises\/wp-content\/uploads\/2026\/03\/GMBE-event-salle-768x768.webp\" class=\"attachment-medium_large size-medium_large wp-image-1413\" alt=\"\" srcset=\"https:\/\/goodmorningberlin.com\/entreprises\/wp-content\/uploads\/2026\/03\/GMBE-event-salle-768x768.webp 768w, https:\/\/goodmorningberlin.com\/entreprises\/wp-content\/uploads\/2026\/03\/GMBE-event-salle-300x300.webp 300w, https:\/\/goodmorningberlin.com\/entreprises\/wp-content\/uploads\/2026\/03\/GMBE-event-salle-150x150.webp 150w, https:\/\/goodmorningberlin.com\/entreprises\/wp-content\/uploads\/2026\/03\/GMBE-event-salle-600x600.webp 600w, https:\/\/goodmorningberlin.com\/entreprises\/wp-content\/uploads\/2026\/03\/GMBE-event-salle.webp 800w\" sizes=\"(max-width: 768px) 100vw, 768px\" \/>\t\t\t\t\t\t\t\t\t\t\t\t\t\t\t<\/div>\n\t\t\t\t<\/div>\n\t\t\t\t<div class=\"elementor-element elementor-element-f5741ba elementor-widget elementor-widget-heading\" data-id=\"f5741ba\" data-element_type=\"widget\" data-e-type=\"widget\" data-widget_type=\"heading.default\">\n\t\t\t\t<div class=\"elementor-widget-container\">\n\t\t\t\t\t<h3 class=\"elementor-heading-title elementor-size-default\">Privatisation de lieux<\/h3>\t\t\t\t<\/div>\n\t\t\t\t<\/div>\n\t\t\t\t<div class=\"elementor-element elementor-element-bb1a724 elementor-widget elementor-widget-text-editor\" data-id=\"bb1a724\" data-element_type=\"widget\" data-e-type=\"widget\" data-widget_type=\"text-editor.default\">\n\t\t\t\t<div class=\"elementor-widget-container\">\n\t\t\t\t\t\t\t\t\t<p>Privatisez un lieu unique pour votre \u00e9v\u00e9nement. Nous cherchons des espaces originaux et adapt\u00e9s \u00e0 votre \u00e9v\u00e9nement, et nous assurons la gestion des relations avec le prestataire choisi.<\/p>\t\t\t\t\t\t\t\t<\/div>\n\t\t\t\t<\/div>\n\t\t\t\t\t<\/div>\n\t\t<\/div>\n\t\t\t\t<div class=\"elementor-column elementor-col-33 elementor-top-column elementor-element elementor-element-ba19d86\" data-id=\"ba19d86\" data-element_type=\"column\" data-e-type=\"column\">\n\t\t\t<div class=\"elementor-widget-wrap elementor-element-populated\">\n\t\t\t\t\t\t<div class=\"elementor-element elementor-element-ac2cbce elementor-widget elementor-widget-image\" data-id=\"ac2cbce\" data-element_type=\"widget\" data-e-type=\"widget\" data-widget_type=\"image.default\">\n\t\t\t\t<div class=\"elementor-widget-container\">\n\t\t\t\t\t\t\t\t\t\t\t\t\t\t\t<img decoding=\"async\" width=\"768\" height=\"768\" src=\"https:\/\/goodmorningberlin.com\/entreprises\/wp-content\/uploads\/2026\/03\/GMBE-DJ-768x768.webp\" class=\"attachment-medium_large size-medium_large wp-image-1416\" alt=\"\" srcset=\"https:\/\/goodmorningberlin.com\/entreprises\/wp-content\/uploads\/2026\/03\/GMBE-DJ-768x768.webp 768w, https:\/\/goodmorningberlin.com\/entreprises\/wp-content\/uploads\/2026\/03\/GMBE-DJ-300x300.webp 300w, https:\/\/goodmorningberlin.com\/entreprises\/wp-content\/uploads\/2026\/03\/GMBE-DJ-150x150.webp 150w, https:\/\/goodmorningberlin.com\/entreprises\/wp-content\/uploads\/2026\/03\/GMBE-DJ-600x600.webp 600w, https:\/\/goodmorningberlin.com\/entreprises\/wp-content\/uploads\/2026\/03\/GMBE-DJ.webp 800w\" sizes=\"(max-width: 768px) 100vw, 768px\" \/>\t\t\t\t\t\t\t\t\t\t\t\t\t\t\t<\/div>\n\t\t\t\t<\/div>\n\t\t\t\t<div class=\"elementor-element elementor-element-5f88380 elementor-widget elementor-widget-heading\" data-id=\"5f88380\" data-element_type=\"widget\" data-e-type=\"widget\" data-widget_type=\"heading.default\">\n\t\t\t\t<div class=\"elementor-widget-container\">\n\t\t\t\t\t<h3 class=\"elementor-heading-title elementor-size-default\">Animation et DJ<\/h3>\t\t\t\t<\/div>\n\t\t\t\t<\/div>\n\t\t\t\t<div class=\"elementor-element elementor-element-0ea83bf elementor-widget elementor-widget-text-editor\" data-id=\"0ea83bf\" data-element_type=\"widget\" data-e-type=\"widget\" data-widget_type=\"text-editor.default\">\n\t\t\t\t<div class=\"elementor-widget-container\">\n\t\t\t\t\t\t\t\t\t<p>Pour animer votre soir\u00e9e, nous cherchons pour vous les DJs ou les musiciens qui vous feront danser toute la nuit. Nous pouvons \u00e9galement trouver des artistes et des acrobates qui assureront le spectacle.<\/p>\t\t\t\t\t\t\t\t<\/div>\n\t\t\t\t<\/div>\n\t\t\t\t\t<\/div>\n\t\t<\/div>\n\t\t\t\t\t<\/div>\n\t\t<\/section>\n\t\t\t\t<section class=\"elementor-section elementor-top-section elementor-element elementor-element-3ba4356 elementor-section-boxed elementor-section-height-default elementor-section-height-default\" data-id=\"3ba4356\" data-element_type=\"section\" data-e-type=\"section\">\n\t\t\t\t\t\t<div class=\"elementor-container elementor-column-gap-default\">\n\t\t\t\t\t<div class=\"elementor-column elementor-col-33 elementor-top-column elementor-element elementor-element-80e5bf5\" data-id=\"80e5bf5\" data-element_type=\"column\" data-e-type=\"column\">\n\t\t\t<div class=\"elementor-widget-wrap elementor-element-populated\">\n\t\t\t\t\t\t<div class=\"elementor-element elementor-element-22bc633 elementor-widget elementor-widget-image\" data-id=\"22bc633\" data-element_type=\"widget\" data-e-type=\"widget\" data-widget_type=\"image.default\">\n\t\t\t\t<div class=\"elementor-widget-container\">\n\t\t\t\t\t\t\t\t\t\t\t\t\t\t\t<img loading=\"lazy\" decoding=\"async\" width=\"768\" height=\"768\" src=\"https:\/\/goodmorningberlin.com\/entreprises\/wp-content\/uploads\/2026\/03\/GMBE-Catering-768x768.webp\" class=\"attachment-medium_large size-medium_large wp-image-1412\" alt=\"\" srcset=\"https:\/\/goodmorningberlin.com\/entreprises\/wp-content\/uploads\/2026\/03\/GMBE-Catering-768x768.webp 768w, https:\/\/goodmorningberlin.com\/entreprises\/wp-content\/uploads\/2026\/03\/GMBE-Catering-300x300.webp 300w, https:\/\/goodmorningberlin.com\/entreprises\/wp-content\/uploads\/2026\/03\/GMBE-Catering-150x150.webp 150w, https:\/\/goodmorningberlin.com\/entreprises\/wp-content\/uploads\/2026\/03\/GMBE-Catering-600x600.webp 600w, https:\/\/goodmorningberlin.com\/entreprises\/wp-content\/uploads\/2026\/03\/GMBE-Catering.webp 800w\" sizes=\"(max-width: 768px) 100vw, 768px\" \/>\t\t\t\t\t\t\t\t\t\t\t\t\t\t\t<\/div>\n\t\t\t\t<\/div>\n\t\t\t\t<div class=\"elementor-element elementor-element-9455c86 elementor-widget elementor-widget-heading\" data-id=\"9455c86\" data-element_type=\"widget\" data-e-type=\"widget\" data-widget_type=\"heading.default\">\n\t\t\t\t<div class=\"elementor-widget-container\">\n\t\t\t\t\t<h3 class=\"elementor-heading-title elementor-size-default\">Catering et chef priv\u00e9<\/h3>\t\t\t\t<\/div>\n\t\t\t\t<\/div>\n\t\t\t\t<div class=\"elementor-element elementor-element-240a3b2 elementor-widget elementor-widget-text-editor\" data-id=\"240a3b2\" data-element_type=\"widget\" data-e-type=\"widget\" data-widget_type=\"text-editor.default\">\n\t\t\t\t<div class=\"elementor-widget-container\">\n\t\t\t\t\t\t\t\t\t<p>Un service de restauration de haute qualit\u00e9 est essentiel pour un \u00e9v\u00e9nement r\u00e9ussi. Nous travaillons avec des traiteurs et des chefs priv\u00e9s de qualit\u00e9 pour vous offrir une excellente exp\u00e9rience culinaire.<\/p>\t\t\t\t\t\t\t\t<\/div>\n\t\t\t\t<\/div>\n\t\t\t\t\t<\/div>\n\t\t<\/div>\n\t\t\t\t<div class=\"elementor-column elementor-col-33 elementor-top-column elementor-element elementor-element-519539c\" data-id=\"519539c\" data-element_type=\"column\" data-e-type=\"column\">\n\t\t\t<div class=\"elementor-widget-wrap elementor-element-populated\">\n\t\t\t\t\t\t<div class=\"elementor-element elementor-element-aeaf763 elementor-widget elementor-widget-image\" data-id=\"aeaf763\" data-element_type=\"widget\" data-e-type=\"widget\" data-widget_type=\"image.default\">\n\t\t\t\t<div class=\"elementor-widget-container\">\n\t\t\t\t\t\t\t\t\t\t\t\t\t\t\t<img loading=\"lazy\" decoding=\"async\" width=\"768\" height=\"768\" src=\"https:\/\/goodmorningberlin.com\/entreprises\/wp-content\/uploads\/2026\/03\/GMBE-Photobooth-768x768.webp\" class=\"attachment-medium_large size-medium_large wp-image-1417\" alt=\"\" srcset=\"https:\/\/goodmorningberlin.com\/entreprises\/wp-content\/uploads\/2026\/03\/GMBE-Photobooth-768x768.webp 768w, https:\/\/goodmorningberlin.com\/entreprises\/wp-content\/uploads\/2026\/03\/GMBE-Photobooth-300x300.webp 300w, https:\/\/goodmorningberlin.com\/entreprises\/wp-content\/uploads\/2026\/03\/GMBE-Photobooth-150x150.webp 150w, https:\/\/goodmorningberlin.com\/entreprises\/wp-content\/uploads\/2026\/03\/GMBE-Photobooth-600x600.webp 600w, https:\/\/goodmorningberlin.com\/entreprises\/wp-content\/uploads\/2026\/03\/GMBE-Photobooth.webp 800w\" sizes=\"(max-width: 768px) 100vw, 768px\" \/>\t\t\t\t\t\t\t\t\t\t\t\t\t\t\t<\/div>\n\t\t\t\t<\/div>\n\t\t\t\t<div class=\"elementor-element elementor-element-834306a elementor-widget elementor-widget-heading\" data-id=\"834306a\" data-element_type=\"widget\" data-e-type=\"widget\" data-widget_type=\"heading.default\">\n\t\t\t\t<div class=\"elementor-widget-container\">\n\t\t\t\t\t<h3 class=\"elementor-heading-title elementor-size-default\">Activit\u00e9s<\/h3>\t\t\t\t<\/div>\n\t\t\t\t<\/div>\n\t\t\t\t<div class=\"elementor-element elementor-element-72c646e elementor-widget elementor-widget-text-editor\" data-id=\"72c646e\" data-element_type=\"widget\" data-e-type=\"widget\" data-widget_type=\"text-editor.default\">\n\t\t\t\t<div class=\"elementor-widget-container\">\n\t\t\t\t\t\t\t\t\t<p>Ajoutez une touche d&rsquo;originalit\u00e9 \u00e0 votre \u00e9v\u00e9nement avec des activit\u00e9s sur-mesure. Il peut s\u2019agir d\u2019une photobox sur la th\u00e9matique street art, d\u2019un atelier tatouage \u00e9ph\u00e9m\u00e8re, d\u2019un karaok\u00e9\u2026<\/p>\t\t\t\t\t\t\t\t<\/div>\n\t\t\t\t<\/div>\n\t\t\t\t\t<\/div>\n\t\t<\/div>\n\t\t\t\t<div class=\"elementor-column elementor-col-33 elementor-top-column elementor-element elementor-element-e699802\" data-id=\"e699802\" data-element_type=\"column\" data-e-type=\"column\">\n\t\t\t<div class=\"elementor-widget-wrap elementor-element-populated\">\n\t\t\t\t\t\t<div class=\"elementor-element elementor-element-81a5c9e elementor-widget elementor-widget-image\" data-id=\"81a5c9e\" data-element_type=\"widget\" data-e-type=\"widget\" data-widget_type=\"image.default\">\n\t\t\t\t<div class=\"elementor-widget-container\">\n\t\t\t\t\t\t\t\t\t\t\t\t\t\t\t<img loading=\"lazy\" decoding=\"async\" width=\"768\" height=\"768\" src=\"https:\/\/goodmorningberlin.com\/entreprises\/wp-content\/uploads\/2026\/03\/GMBE-Club-768x768.webp\" class=\"attachment-medium_large size-medium_large wp-image-1415\" alt=\"\" srcset=\"https:\/\/goodmorningberlin.com\/entreprises\/wp-content\/uploads\/2026\/03\/GMBE-Club-768x768.webp 768w, https:\/\/goodmorningberlin.com\/entreprises\/wp-content\/uploads\/2026\/03\/GMBE-Club-300x300.webp 300w, https:\/\/goodmorningberlin.com\/entreprises\/wp-content\/uploads\/2026\/03\/GMBE-Club-150x150.webp 150w, https:\/\/goodmorningberlin.com\/entreprises\/wp-content\/uploads\/2026\/03\/GMBE-Club-600x600.webp 600w, https:\/\/goodmorningberlin.com\/entreprises\/wp-content\/uploads\/2026\/03\/GMBE-Club.webp 800w\" sizes=\"(max-width: 768px) 100vw, 768px\" \/>\t\t\t\t\t\t\t\t\t\t\t\t\t\t\t<\/div>\n\t\t\t\t<\/div>\n\t\t\t\t<div class=\"elementor-element elementor-element-d590c10 elementor-widget elementor-widget-heading\" data-id=\"d590c10\" data-element_type=\"widget\" data-e-type=\"widget\" data-widget_type=\"heading.default\">\n\t\t\t\t<div class=\"elementor-widget-container\">\n\t\t\t\t\t<h3 class=\"elementor-heading-title elementor-size-default\">Soir\u00e9e clubbing<\/h3>\t\t\t\t<\/div>\n\t\t\t\t<\/div>\n\t\t\t\t<div class=\"elementor-element elementor-element-07cc5e7 elementor-widget elementor-widget-text-editor\" data-id=\"07cc5e7\" data-element_type=\"widget\" data-e-type=\"widget\" data-widget_type=\"text-editor.default\">\n\t\t\t\t<div class=\"elementor-widget-container\">\n\t\t\t\t\t\t\t\t\t<p>Plongez dans la vie nocturne berlinoise avec une soir\u00e9e dans une des bo\u00eetes de nuit de la ville. Vous b\u00e9n\u00e9ficiez d&rsquo;un acc\u00e8s garanti et, selon les clubs, d&rsquo;un espace r\u00e9serv\u00e9.<\/p>\t\t\t\t\t\t\t\t<\/div>\n\t\t\t\t<\/div>\n\t\t\t\t\t<\/div>\n\t\t<\/div>\n\t\t\t\t\t<\/div>\n\t\t<\/section>\n\t\t<div class=\"elementor-element elementor-element-ccd37f9 e-flex e-con-boxed e-con e-parent\" data-id=\"ccd37f9\" data-element_type=\"container\" data-e-type=\"container\">\n\t\t\t\t\t<div class=\"e-con-inner\">\n\t\t\t\t<div class=\"elementor-element elementor-element-ef0249f elementor-widget elementor-widget-spacer\" data-id=\"ef0249f\" data-element_type=\"widget\" data-e-type=\"widget\" data-widget_type=\"spacer.default\">\n\t\t\t\t<div class=\"elementor-widget-container\">\n\t\t\t\t\t\t\t<div class=\"elementor-spacer\">\n\t\t\t<div class=\"elementor-spacer-inner\"><\/div>\n\t\t<\/div>\n\t\t\t\t\t\t<\/div>\n\t\t\t\t<\/div>\n\t\t\t\t<div class=\"elementor-element elementor-element-ce7ad3f elementor-widget elementor-widget-heading\" data-id=\"ce7ad3f\" data-element_type=\"widget\" data-e-type=\"widget\" data-widget_type=\"heading.default\">\n\t\t\t\t<div class=\"elementor-widget-container\">\n\t\t\t\t\t<h2 class=\"elementor-heading-title elementor-size-default\">Les soir\u00e9es organis\u00e9es par nos soins<\/h2>\t\t\t\t<\/div>\n\t\t\t\t<\/div>\n\t\t\t\t<div class=\"elementor-element elementor-element-05d177e elementor-widget elementor-widget-spacer\" data-id=\"05d177e\" data-element_type=\"widget\" data-e-type=\"widget\" data-widget_type=\"spacer.default\">\n\t\t\t\t<div class=\"elementor-widget-container\">\n\t\t\t\t\t\t\t<div class=\"elementor-spacer\">\n\t\t\t<div class=\"elementor-spacer-inner\"><\/div>\n\t\t<\/div>\n\t\t\t\t\t\t<\/div>\n\t\t\t\t<\/div>\n\t\t\t\t<div class=\"elementor-element elementor-element-d5d2f2f elementor-widget elementor-widget-text-editor\" data-id=\"d5d2f2f\" data-element_type=\"widget\" data-e-type=\"widget\" data-widget_type=\"text-editor.default\">\n\t\t\t\t<div class=\"elementor-widget-container\">\n\t\t\t\t\t\t\t\t\t<p><strong>La f\u00eate chic et underground<\/strong><\/p><p>Pour clore son s\u00e9minaire berlinois sur une note m\u00e9morable, une grande marque de cosm\u00e9tique nous a confi\u00e9 l&rsquo;organisation d&rsquo;une soir\u00e9e priv\u00e9e dans les sous-sols de l&rsquo;ancien h\u00f4tel de la monnaie. Ce lieu habituellement r\u00e9serv\u00e9 aux f\u00eates techno a \u00e9t\u00e9 transform\u00e9 pour l&rsquo;occasion en espace glamour. Tatouages \u00e9ph\u00e9m\u00e8res, photobooth street art, DJ et karaok\u00e9 : une soir\u00e9e taill\u00e9e sur mesure, \u00e0 l&rsquo;image de Berlin : inattendue et inoubliable.<\/p><p><strong>Le bon restaurant, \u00e0 chaque fois<\/strong><\/p><p>180 m\u00e9decins dans un restaurant allemand chic du centre de Berlin. Un d\u00eener de lancement de magazine dans un \u00e9tablissement au charme industriel. Une soir\u00e9e pour jeunes consultants dans un club branch\u00e9. Trois groupes, trois ambiances, trois lieux parfaitement adapt\u00e9s : c&rsquo;est ce que nous entendons par sur mesure.<\/p><p><strong>Le club privatis\u00e9<\/strong><\/p><p>Pour l&rsquo;op\u00e9ration SingleAir by Celio, quatre candidats devaient vivre une soir\u00e9e authentiquement berlinoise tout en \u00e9tant suivi par des cam\u00e9ras. Probl\u00e8me : filmer est interdit dans les clubs de Berlin. Notre solution : privatiser un club branch\u00e9 et alternatif, y inviter des DJs et des clubbers locaux, et reconstituer l&rsquo;ambiance berlinoise dans un cadre filmable. R\u00e9sultat : une soir\u00e9e indiscernable de la vraie vie nocturne de la ville.<\/p>\t\t\t\t\t\t\t\t<\/div>\n\t\t\t\t<\/div>\n\t\t\t\t<div class=\"elementor-element elementor-element-e867943 elementor-widget elementor-widget-spacer\" data-id=\"e867943\" data-element_type=\"widget\" data-e-type=\"widget\" data-widget_type=\"spacer.default\">\n\t\t\t\t<div class=\"elementor-widget-container\">\n\t\t\t\t\t\t\t<div class=\"elementor-spacer\">\n\t\t\t<div class=\"elementor-spacer-inner\"><\/div>\n\t\t<\/div>\n\t\t\t\t\t\t<\/div>\n\t\t\t\t<\/div>\n\t\t\t\t\t<\/div>\n\t\t\t\t<\/div>\n\t\t\t\t<\/div>\n\t\t","protected":false},"excerpt":{"rendered":"<p>Que vous soyez \u00e0 Berlin \u00e0 l\u2019occasion d\u2019un s\u00e9minaire, d\u2019un salon, d\u2019un voyage incentive ou pour cr\u00e9er un \u00e9v\u00e9nement sp\u00e9cial dans la capitale allemande, nous vous aidons \u00e0 trouver les meilleurs restaurants, la salle de location qui correspond \u00e0 vos attentes, le DJ ou les musiciens qui animeront votre soir\u00e9e, le traiteur le plus innovant [&hellip;]<\/p>\n","protected":false},"author":1,"featured_media":1338,"parent":0,"menu_order":0,"comment_status":"closed","ping_status":"closed","template":"","meta":{"_seopress_robots_primary_cat":"","_seopress_titles_title":"Soir\u00e9es professionnelles et \u00e9v\u00e9nementielles \u00e0 Berlin","_seopress_titles_desc":"","_seopress_robots_index":"","footnotes":""},"class_list":["post-529","page","type-page","status-publish","has-post-thumbnail","hentry","entry","has-media"],"_links":{"self":[{"href":"https:\/\/goodmorningberlin.com\/entreprises\/wp-json\/wp\/v2\/pages\/529"}],"collection":[{"href":"https:\/\/goodmorningberlin.com\/entreprises\/wp-json\/wp\/v2\/pages"}],"about":[{"href":"https:\/\/goodmorningberlin.com\/entreprises\/wp-json\/wp\/v2\/types\/page"}],"author":[{"embeddable":true,"href":"https:\/\/goodmorningberlin.com\/entreprises\/wp-json\/wp\/v2\/users\/1"}],"replies":[{"embeddable":true,"href":"https:\/\/goodmorningberlin.com\/entreprises\/wp-json\/wp\/v2\/comments?post=529"}],"version-history":[{"count":30,"href":"https:\/\/goodmorningberlin.com\/entreprises\/wp-json\/wp\/v2\/pages\/529\/revisions"}],"predecessor-version":[{"id":1423,"href":"https:\/\/goodmorningberlin.com\/entreprises\/wp-json\/wp\/v2\/pages\/529\/revisions\/1423"}],"wp:featuredmedia":[{"embeddable":true,"href":"https:\/\/goodmorningberlin.com\/entreprises\/wp-json\/wp\/v2\/media\/1338"}],"wp:attachment":[{"href":"https:\/\/goodmorningberlin.com\/entreprises\/wp-json\/wp\/v2\/media?parent=529"}],"curies":[{"name":"wp","href":"https:\/\/api.w.org\/{rel}","templated":true}]}}