{"id":269,"date":"2024-07-06T07:10:46","date_gmt":"2024-07-06T07:10:46","guid":{"rendered":"https:\/\/goodmorningberlin.com\/entreprises\/?page_id=269"},"modified":"2026-03-16T18:07:21","modified_gmt":"2026-03-16T18:07:21","slug":"politique-de-confidentialite","status":"publish","type":"page","link":"https:\/\/goodmorningberlin.com\/entreprises\/politique-de-confidentialite\/","title":{"rendered":"Politique de confidentialit\u00e9 &#8211; Good Morning Berlin Entreprises"},"content":{"rendered":"\t\t<div data-elementor-type=\"wp-page\" data-elementor-id=\"269\" class=\"elementor elementor-269\" data-elementor-post-type=\"page\">\n\t\t\t\t<div class=\"elementor-element elementor-element-bfc45d5 e-flex e-con-boxed e-con e-parent\" data-id=\"bfc45d5\" data-element_type=\"container\" data-e-type=\"container\">\n\t\t\t\t\t<div class=\"e-con-inner\">\n\t\t\t\t<div class=\"elementor-element elementor-element-1f44280 elementor-widget elementor-widget-text-editor\" data-id=\"1f44280\" data-element_type=\"widget\" data-e-type=\"widget\" data-widget_type=\"text-editor.default\">\n\t\t\t\t<div class=\"elementor-widget-container\">\n\t\t\t\t\t\t\t\t\t<p>1. Collecte de l\u2019information<\/p><p>Nous recueillons des informations lorsque vous vous inscrivez \u00e0 la newsletter, \u00e0 une visite, achetez un e-book ou laissez un commentaire sur notre site. Les informations recueillies incluent votre nom, votre pr\u00e9nom, votre num\u00e9ro de t\u00e9l\u00e9phone, votre adresse e-mail et votre adresse postale.<\/p><p>2. Utilisation des informations<\/p><p>Toute les informations que nous recueillons aupr\u00e8s de vous peuvent \u00eatre utilis\u00e9es pour :<\/p><p>Vous contacter par e-mail ou par t\u00e9l\u00e9phone<br \/>Vous envoyez la newsletter si vous vous y \u00eates inscrit<br \/>Vous envoyer un e-book si vous en avez achet\u00e9 un<br \/>R\u00e9diger les factures<\/p><p>3. Confidentialit\u00e9 du commerce en ligne<\/p><p>Nous sommes les seuls propri\u00e9taires des informations recueillies sur ce site. Vos informations personnelles ne seront pas vendues, \u00e9chang\u00e9es, transf\u00e9r\u00e9es, ou donn\u00e9es \u00e0 une autre soci\u00e9t\u00e9 pour n\u2019importe quel raison, sans votre consentement, en dehors de ce qui est n\u00e9cessaire pour r\u00e9pondre \u00e0 une demande et \/ ou une transaction.<\/p><p>4. Divulgation \u00e0 des tiers<\/p><p>Nous ne vendons, n\u2019\u00e9changeons et ne transf\u00e9rons pas vos informations personnelles identifiables \u00e0 des tiers. Cela ne comprend pas les tierce parties de confiance (guides, prestataires partenaires, logiciel de facturation et de r\u00e9servation, envoi automatis\u00e9 de e-book) qui nous aident \u00e0 exploiter notre site Web ou \u00e0 mener nos affaires, tant que ces parties conviennent de garder ces informations confidentielles.<\/p><p>5. Protection des informations<\/p><p>Nous mettons en \u0153uvre des mesures de s\u00e9curit\u00e9 pour pr\u00e9server la s\u00e9curit\u00e9 de vos informations personnelles. Nous utilisons un cryptage pour prot\u00e9ger les informations sensibles transmises en ligne. Nous prot\u00e9geons \u00e9galement vos informations hors ligne. Seuls les employ\u00e9s qui ont besoin d\u2019effectuer un travail sp\u00e9cifique (par exemple, la facturation ou le service \u00e0 la client\u00e8le) ont acc\u00e8s aux informations personnelles identifiables.<\/p><p>Est-ce que nous utilisons des cookies ?<\/p><p>Oui. Nos cookies am\u00e9liorent l\u2019acc\u00e8s \u00e0 notre site et identifient les visiteurs r\u00e9guliers. En outre, nos cookies am\u00e9liorent l\u2019exp\u00e9rience d\u2019utilisateur gr\u00e2ce au suivi et au ciblage de ses int\u00e9r\u00eats. Cependant, cette utilisation des cookies n\u2019est en aucune fa\u00e7on li\u00e9e \u00e0 des informations personnelles identifiables sur notre site.<\/p><p>6. Se d\u00e9sabonner<\/p><p>Nous utilisons l\u2019adresse e-mail que vous fournissez pour vous envoyer des informations et mises \u00e0 jour relatives \u00e0 votre commande, des nouvelles de l\u2019entreprise de fa\u00e7on occasionnelle, des informations sur des produits li\u00e9s, etc. Si \u00e0 n\u2019importe quel moment vous souhaitez vous d\u00e9sinscrire et ne plus recevoir d\u2019e-mails, des instructions de d\u00e9sabonnement d\u00e9taill\u00e9es sont incluses en bas de chaque e-mail.<\/p><p>7. Consentement<br \/>En utilisant notre site, vous consentez \u00e0 notre politique de confidentialit\u00e9.<\/p><p>Vous pouvez vous opposer au suivi de votre navigation sur ce site web. Cela prot\u00e9gera votre vie priv\u00e9e, mais emp\u00eachera \u00e9galement le propri\u00e9taire d&rsquo;apprendre de vos actions et de cr\u00e9er une meilleure exp\u00e9rience pour vous et les autres utilisateurs.<\/p><p>\u00a0<\/p>\t\t\t\t\t\t\t\t<\/div>\n\t\t\t\t<\/div>\n\t\t\t\t<div class=\"elementor-element elementor-element-b6f5703 elementor-widget elementor-widget-shortcode\" data-id=\"b6f5703\" data-element_type=\"widget\" data-e-type=\"widget\" data-widget_type=\"shortcode.default\">\n\t\t\t\t<div class=\"elementor-widget-container\">\n\t\t\t\t\t\t\t<div class=\"elementor-shortcode\">[matomo_opt_out]<\/div>\n\t\t\t\t\t\t<\/div>\n\t\t\t\t<\/div>\n\t\t\t\t\t<\/div>\n\t\t\t\t<\/div>\n\t\t\t\t<\/div>\n\t\t","protected":false},"excerpt":{"rendered":"<p>1. Collecte de l\u2019information Nous recueillons des informations lorsque vous vous inscrivez \u00e0 la newsletter, \u00e0 une visite, achetez un e-book ou laissez un commentaire sur notre site. Les informations recueillies incluent votre nom, votre pr\u00e9nom, votre num\u00e9ro de t\u00e9l\u00e9phone, votre adresse e-mail et votre adresse postale. 2. Utilisation des informations Toute les informations que [&hellip;]<\/p>\n","protected":false},"author":1,"featured_media":997,"parent":0,"menu_order":0,"comment_status":"closed","ping_status":"closed","template":"","meta":{"_seopress_robots_primary_cat":"","_seopress_titles_title":"Politique de confidentialit\u00e9 Good Morning Berlin Entreprise","_seopress_titles_desc":"","_seopress_robots_index":"","footnotes":""},"class_list":["post-269","page","type-page","status-publish","has-post-thumbnail","hentry","entry","has-media"],"_links":{"self":[{"href":"https:\/\/goodmorningberlin.com\/entreprises\/wp-json\/wp\/v2\/pages\/269"}],"collection":[{"href":"https:\/\/goodmorningberlin.com\/entreprises\/wp-json\/wp\/v2\/pages"}],"about":[{"href":"https:\/\/goodmorningberlin.com\/entreprises\/wp-json\/wp\/v2\/types\/page"}],"author":[{"embeddable":true,"href":"https:\/\/goodmorningberlin.com\/entreprises\/wp-json\/wp\/v2\/users\/1"}],"replies":[{"embeddable":true,"href":"https:\/\/goodmorningberlin.com\/entreprises\/wp-json\/wp\/v2\/comments?post=269"}],"version-history":[{"count":12,"href":"https:\/\/goodmorningberlin.com\/entreprises\/wp-json\/wp\/v2\/pages\/269\/revisions"}],"predecessor-version":[{"id":954,"href":"https:\/\/goodmorningberlin.com\/entreprises\/wp-json\/wp\/v2\/pages\/269\/revisions\/954"}],"wp:featuredmedia":[{"embeddable":true,"href":"https:\/\/goodmorningberlin.com\/entreprises\/wp-json\/wp\/v2\/media\/997"}],"wp:attachment":[{"href":"https:\/\/goodmorningberlin.com\/entreprises\/wp-json\/wp\/v2\/media?parent=269"}],"curies":[{"name":"wp","href":"https:\/\/api.w.org\/{rel}","templated":true}]}}