{"id":263,"date":"2024-07-06T07:07:25","date_gmt":"2024-07-06T07:07:25","guid":{"rendered":"https:\/\/goodmorningberlin.com\/entreprises\/?page_id=263"},"modified":"2026-03-16T18:06:24","modified_gmt":"2026-03-16T18:06:24","slug":"mentions-legales","status":"publish","type":"page","link":"https:\/\/goodmorningberlin.com\/entreprises\/mentions-legales\/","title":{"rendered":"Mentions l\u00e9gales &#8211; Good Morning Berlin Entreprises"},"content":{"rendered":"\t\t<div data-elementor-type=\"wp-page\" data-elementor-id=\"263\" class=\"elementor elementor-263\" data-elementor-post-type=\"page\">\n\t\t\t\t<div class=\"elementor-element elementor-element-2c63e1d e-flex e-con-boxed e-con e-parent\" data-id=\"2c63e1d\" data-element_type=\"container\" data-e-type=\"container\">\n\t\t\t\t\t<div class=\"e-con-inner\">\n\t\t\t\t<div class=\"elementor-element elementor-element-30631c3 elementor-widget elementor-widget-text-editor\" data-id=\"30631c3\" data-element_type=\"widget\" data-e-type=\"widget\" data-widget_type=\"text-editor.default\">\n\t\t\t\t<div class=\"elementor-widget-container\">\n\t\t\t\t\t\t\t\t\t<p>Les mentions s\u2019appliquent au site Good Morning Berlin Entreprises. Good Morning&nbsp;<span style=\"font-family: Nunito, sans-serif; font-size: 16px; font-style: normal; font-variant-ligatures: normal; font-variant-caps: normal; font-weight: 400;\">Berlin Entreprises<\/span>&nbsp;peut contenir des liens vers des sites web appartenant \u00e0 des tiers pour lesquels les pr\u00e9sentes mentions ne s\u2019appliquent pas.<\/p>\n<p>\u00c9ditrice et directrice de la publication<br>\nElodie Benchereau, Petersburger Platz 2, 10249 Berlin<\/p>\n<p>contact : elodie @ goodmorningberlin.com<\/p>\n<p>Steuer Nummer : 14\/224\/01690<\/p>\n<p>Num\u00e9ro de TVA intracommunautaire : DE276014945<\/p>\n<p>Prestataire d\u2019h\u00e9bergement<br>\nL\u2019h\u00e9bergement de ce site est assur\u00e9 par la soci\u00e9t\u00e9 HOSTINGER INTERNATIONAL LTD<\/p>\n<p>Si\u00e8ge social : 61 Lordou Vironos Street, 6023 Larnaca, Chypre<\/p>\n<p>https:\/\/www.hostinger.fr\/contact<\/p>\n<p>Cookies et politique de confidentialit\u00e9<br>\nVoir notre page \u00e0 ce sujet<\/p>\n<p>Propri\u00e9t\u00e9 intellectuelle<br>\nLe contenu du site Good Morning&nbsp;<span style=\"font-family: Nunito, sans-serif; font-size: 16px; font-style: normal; font-variant-ligatures: normal; font-variant-caps: normal; font-weight: 400;\">Berlin Entreprises<\/span>&nbsp;a \u00e9t\u00e9 cr\u00e9\u00e9 par l\u2019\u00e9ditrice ou les auteurs indiqu\u00e9s dans l\u2019article, il est soumis au droit allemand. La reproduction, l\u2019\u00e9dition, la distribution et tout type d\u2019utilisation commerciale de ce contenu n\u00e9cessite une autorisation \u00e9crite en tant que cr\u00e9ateur ou producteur de celui-ci.<\/p>\n<p>Si vous souhaitez partager du contenu du site, merci de citer la source sous forme de lien hypertexte, par exemple \u00a9GoodMorning<span style=\"font-family: Nunito, sans-serif; font-size: 16px; font-style: normal; font-variant-ligatures: normal; font-variant-caps: normal; font-weight: 400; text-align: var(--text-align);\">BerlinEntreprises<\/span><\/p>\n<p>Le contenu qui n\u2019a pas \u00e9t\u00e9 cr\u00e9\u00e9 ou produit par Good Morning&nbsp;<span style=\"font-family: Nunito, sans-serif; font-size: 16px; font-style: normal; font-variant-ligatures: normal; font-variant-caps: normal; font-weight: 400;\">Berlin Entreprises<\/span>&nbsp;est \u00e9tiquet\u00e9 comme tel. Les droits des d\u00e9tenteurs de droits d\u2019auteur sur ce mat\u00e9riel restent inchang\u00e9s. Si vous constatez une violation du droit d\u2019auteur, contactez l\u2019\u00e9ditrice imm\u00e9diatement et elle supprimera le contenu concern\u00e9 d\u00e8s que possible.<\/p>\n<p>Limite de responsabilit\u00e9<br>\nLes articles et commentaires n\u2019engagent que la responsabilit\u00e9 de leurs auteurs respectifs.<\/p>\n<p>Le contenu de ce site a \u00e9t\u00e9 produit avec le plus grand soin. N\u00e9anmoins, Good Morning&nbsp;<span style=\"font-family: Nunito, sans-serif; font-size: 16px; font-style: normal; font-variant-ligatures: normal; font-variant-caps: normal; font-weight: 400;\">Berlin Entreprises<\/span>&nbsp;ne saurait \u00eatre tenu responsable des informations incompl\u00e8tes ou inexactes affich\u00e9es sur le site. En tant que fournisseur de contenu Web, la loi allemande oblige (\u00a77, p. 1 du TMG) \u00e0 assumer la responsabilit\u00e9 du contenu de ce site, mais Good Morning&nbsp;<span style=\"font-family: Nunito, sans-serif; font-size: 16px; font-style: normal; font-variant-ligatures: normal; font-variant-caps: normal; font-weight: 400;\">Berlin Entreprises<\/span>&nbsp;n\u2019est pas tenu de surveiller les informations qui sont fournies par des tiers, qu\u2019elles soient sauvegard\u00e9es ou non dans le cadre du site Web ou uniquement sur un lien vers celui-ci (\u00a78 \u2013 \u00a710 du TMG). Good Morning&nbsp;<span style=\"font-family: Nunito, sans-serif; font-size: 16px; font-style: normal; font-variant-ligatures: normal; font-variant-caps: normal; font-weight: 400;\">Berlin Entreprises<\/span>&nbsp;n\u2019est pas non plus tenu de v\u00e9rifier les informations fournies pour tout acte r\u00e9pr\u00e9hensible. Cela n\u2019affecte aucune des autres obligations de supprimer ou de bloquer l\u2019acc\u00e8s \u00e0 certains types de contenu. Good Morning&nbsp;<span style=\"font-family: Nunito, sans-serif; font-size: 16px; font-style: normal; font-variant-ligatures: normal; font-variant-caps: normal; font-weight: 400;\">Berlin Entreprises<\/span>&nbsp;n\u2019est toutefois responsable de ce fait qu\u2019une fois que l\u2019\u00e9ditrice a \u00e9t\u00e9 avertie d\u2019une infraction r\u00e9elle \u00e0 la loi. Tout contenu ill\u00e9gal sera supprim\u00e9 d\u00e8s que l\u2019\u00e9ditrice sera inform\u00e9s de son obligation \u00e0 le faire.<\/p>\n<p>Liens externes<br>\nGood Morning&nbsp;<span style=\"font-family: Nunito, sans-serif; font-size: 16px; font-style: normal; font-variant-ligatures: normal; font-variant-caps: normal; font-weight: 400;\">Berlin Entreprises<\/span>&nbsp;comprend des liens vers des sites externes g\u00e9r\u00e9s par des tiers. Good Morning&nbsp;<span style=\"font-family: Nunito, sans-serif; font-size: 16px; font-style: normal; font-variant-ligatures: normal; font-variant-caps: normal; font-weight: 400;\">Berlin Entreprises<\/span>&nbsp;ne peut \u00eatre tenu responsable du contenu de ces pages mais s\u2019efforce de ne pas faire des liens vers des sites qui enfreignent la loi. Good Morning&nbsp;<span style=\"font-family: Nunito, sans-serif; font-size: 16px; font-style: normal; font-variant-ligatures: normal; font-variant-caps: normal; font-weight: 400;\">Berlin Entreprises<\/span>&nbsp;n\u2019est pas tenu \u00e0 des contr\u00f4les des sites vers lesquels ils effectuent des liens, sauf s\u2019il y a des raisons de penser que ce site a des activit\u00e9s ill\u00e9gales. En cas de d\u00e9couverte d\u2019activit\u00e9s ill\u00e9gales sur un site, Good Morning&nbsp;<span style=\"font-family: Nunito, sans-serif; font-size: 16px; font-style: normal; font-variant-ligatures: normal; font-variant-caps: normal; font-weight: 400;\">Berlin Entreprises<\/span>&nbsp;supprimera le lien vers ce site externe.<\/p>\t\t\t\t\t\t\t\t<\/div>\n\t\t\t\t<\/div>\n\t\t\t\t\t<\/div>\n\t\t\t\t<\/div>\n\t\t\t\t<\/div>\n\t\t","protected":false},"excerpt":{"rendered":"<p>Les mentions s\u2019appliquent au site Good Morning Berlin Entreprises. Good Morning&nbsp;Berlin Entreprises&nbsp;peut contenir des liens vers des sites web appartenant \u00e0 des tiers pour lesquels les pr\u00e9sentes mentions ne s\u2019appliquent pas. \u00c9ditrice et directrice de la publication Elodie Benchereau, Petersburger Platz 2, 10249 Berlin contact : elodie @ goodmorningberlin.com Steuer Nummer : 14\/224\/01690 Num\u00e9ro de [&hellip;]<\/p>\n","protected":false},"author":1,"featured_media":997,"parent":0,"menu_order":0,"comment_status":"closed","ping_status":"closed","template":"","meta":{"_seopress_robots_primary_cat":"","_seopress_titles_title":"","_seopress_titles_desc":"","_seopress_robots_index":"","footnotes":""},"class_list":["post-263","page","type-page","status-publish","has-post-thumbnail","hentry","entry","has-media"],"_links":{"self":[{"href":"https:\/\/goodmorningberlin.com\/entreprises\/wp-json\/wp\/v2\/pages\/263"}],"collection":[{"href":"https:\/\/goodmorningberlin.com\/entreprises\/wp-json\/wp\/v2\/pages"}],"about":[{"href":"https:\/\/goodmorningberlin.com\/entreprises\/wp-json\/wp\/v2\/types\/page"}],"author":[{"embeddable":true,"href":"https:\/\/goodmorningberlin.com\/entreprises\/wp-json\/wp\/v2\/users\/1"}],"replies":[{"embeddable":true,"href":"https:\/\/goodmorningberlin.com\/entreprises\/wp-json\/wp\/v2\/comments?post=263"}],"version-history":[{"count":5,"href":"https:\/\/goodmorningberlin.com\/entreprises\/wp-json\/wp\/v2\/pages\/263\/revisions"}],"predecessor-version":[{"id":953,"href":"https:\/\/goodmorningberlin.com\/entreprises\/wp-json\/wp\/v2\/pages\/263\/revisions\/953"}],"wp:featuredmedia":[{"embeddable":true,"href":"https:\/\/goodmorningberlin.com\/entreprises\/wp-json\/wp\/v2\/media\/997"}],"wp:attachment":[{"href":"https:\/\/goodmorningberlin.com\/entreprises\/wp-json\/wp\/v2\/media?parent=263"}],"curies":[{"name":"wp","href":"https:\/\/api.w.org\/{rel}","templated":true}]}}