{"id":491,"date":"2024-06-28T10:08:20","date_gmt":"2024-06-28T10:08:20","guid":{"rendered":"https:\/\/goodmorningberlin.com\/allemagne\/?page_id=491"},"modified":"2026-02-06T22:41:59","modified_gmt":"2026-02-06T22:41:59","slug":"demande-visite-guidee-allemagne","status":"publish","type":"page","link":"https:\/\/goodmorningberlin.com\/allemagne\/demande-visite-guidee-allemagne\/","title":{"rendered":"Demande de visite guid\u00e9e en Allemagne"},"content":{"rendered":"\t\t<div data-elementor-type=\"wp-page\" data-elementor-id=\"491\" class=\"elementor elementor-491\" data-elementor-post-type=\"page\">\n\t\t\t\t<div class=\"elementor-element elementor-element-2dcab97 e-flex e-con-boxed e-con e-parent\" data-id=\"2dcab97\" data-element_type=\"container\" data-e-type=\"container\">\n\t\t\t\t\t<div class=\"e-con-inner\">\n\t\t\t\t<div class=\"elementor-element elementor-element-90f939f elementor-widget elementor-widget-text-editor\" data-id=\"90f939f\" data-element_type=\"widget\" data-e-type=\"widget\" data-widget_type=\"text-editor.default\">\n\t\t\t\t<div class=\"elementor-widget-container\">\n\t\t\t\t\t\t\t\t\t<p><span style=\"color: #339966;\"><strong>Faites-nous part de votre demande de visite priv\u00e9e au moins 24 heures avant le d\u00e9but souhait\u00e9.<\/strong><\/span><\/p><p style=\"text-align: left;\"><span style=\"color: #ff0000;\">Si vous n&rsquo;avez pas re\u00e7u de r\u00e9ponse dans les 24 heures, v\u00e9rifiez votre courrier ind\u00e9sirable, en particulier si votre messagerie est orange.fr<\/span><br \/><strong><br \/><\/strong><em><span style=\"color: #000000;\">Notez que nous proposons uniquement des visites priv\u00e9es, nous n&rsquo;organisons pas de visites group\u00e9es.<\/span><\/em><\/p>\t\t\t\t\t\t\t\t<\/div>\n\t\t\t\t<\/div>\n\t\t\t\t<div class=\"elementor-element elementor-element-68f5daa elementor-widget elementor-widget-shortcode\" data-id=\"68f5daa\" data-element_type=\"widget\" data-e-type=\"widget\" data-widget_type=\"shortcode.default\">\n\t\t\t\t<div class=\"elementor-widget-container\">\n\t\t\t\t\t\t\t<div class=\"elementor-shortcode\">\n<div class=\"wpcf7 no-js\" id=\"wpcf7-f118-o1\" lang=\"fr-FR\" dir=\"ltr\" data-wpcf7-id=\"118\">\n<div class=\"screen-reader-response\"><p role=\"status\" aria-live=\"polite\" aria-atomic=\"true\"><\/p> <ul><\/ul><\/div>\n<form action=\"\/allemagne\/wp-json\/wp\/v2\/pages\/491#wpcf7-f118-o1\" method=\"post\" class=\"wpcf7-form init\" aria-label=\"Formulaire de contact\" novalidate=\"novalidate\" data-status=\"init\">\n<fieldset class=\"hidden-fields-container\"><input type=\"hidden\" name=\"_wpcf7\" value=\"118\" \/><input type=\"hidden\" name=\"_wpcf7_version\" value=\"6.1.5\" \/><input type=\"hidden\" name=\"_wpcf7_locale\" value=\"fr_FR\" \/><input type=\"hidden\" name=\"_wpcf7_unit_tag\" value=\"wpcf7-f118-o1\" \/><input type=\"hidden\" name=\"_wpcf7_container_post\" value=\"0\" \/><input type=\"hidden\" name=\"_wpcf7_posted_data_hash\" value=\"\" \/><input type=\"hidden\" name=\"_wpcf7cf_hidden_group_fields\" value=\"[]\" \/><input type=\"hidden\" name=\"_wpcf7cf_hidden_groups\" value=\"[]\" \/><input type=\"hidden\" name=\"_wpcf7cf_visible_groups\" value=\"[]\" \/><input type=\"hidden\" name=\"_wpcf7cf_repeaters\" value=\"[]\" \/><input type=\"hidden\" name=\"_wpcf7cf_steps\" value=\"{}\" \/><input type=\"hidden\" name=\"_wpcf7cf_options\" value=\"{&quot;form_id&quot;:118,&quot;conditions&quot;:[{&quot;then_field&quot;:&quot;-1&quot;,&quot;and_rules&quot;:[{&quot;if_field&quot;:&quot;-1&quot;,&quot;operator&quot;:&quot;equals&quot;,&quot;if_value&quot;:&quot;oui&quot;}]},{&quot;then_field&quot;:&quot;-1&quot;,&quot;and_rules&quot;:[{&quot;if_field&quot;:&quot;-1&quot;,&quot;operator&quot;:&quot;not empty&quot;,&quot;if_value&quot;:&quot;&quot;}]},{&quot;then_field&quot;:&quot;enfant&quot;,&quot;and_rules&quot;:[{&quot;if_field&quot;:&quot;adultes&quot;,&quot;operator&quot;:&quot;not empty&quot;,&quot;if_value&quot;:&quot;&quot;}]},{&quot;then_field&quot;:&quot;adresse&quot;,&quot;and_rules&quot;:[{&quot;if_field&quot;:&quot;Nom&quot;,&quot;operator&quot;:&quot;not empty&quot;,&quot;if_value&quot;:&quot;&quot;}]},{&quot;then_field&quot;:&quot;contact&quot;,&quot;and_rules&quot;:[{&quot;if_field&quot;:&quot;pays&quot;,&quot;operator&quot;:&quot;not empty&quot;,&quot;if_value&quot;:&quot;&quot;}]},{&quot;then_field&quot;:&quot;-1&quot;,&quot;and_rules&quot;:[{&quot;if_field&quot;:&quot;tel-648&quot;,&quot;operator&quot;:&quot;not empty&quot;,&quot;if_value&quot;:&quot;&quot;}]}],&quot;settings&quot;:{&quot;animation&quot;:&quot;yes&quot;,&quot;animation_intime&quot;:200,&quot;animation_outtime&quot;:200,&quot;conditions_ui&quot;:&quot;normal&quot;,&quot;notice_dismissed&quot;:false,&quot;notice_dismissed_update-cf7-6.1&quot;:true,&quot;notice_dismissed_update-cf7-6.1.4&quot;:true,&quot;notice_dismissed_rollback-cf7-6.1.4&quot;:true}}\" \/>\n<\/fieldset>\n<p><b>Choix de votre ou vos visites (plusieurs choix possibles) *<\/b><br \/>\n<span class=\"wpcf7-form-control-wrap\" data-name=\"Themes\"><span class=\"wpcf7-form-control wpcf7-checkbox wpcf7-validates-as-required\"><span class=\"wpcf7-list-item first\"><label><input type=\"checkbox\" name=\"Themes[]\" value=\"Augsburg\" \/><span class=\"wpcf7-list-item-label\">Augsburg<\/span><\/label><\/span><span class=\"wpcf7-list-item\"><label><input type=\"checkbox\" name=\"Themes[]\" value=\"Br\u00eame\" \/><span class=\"wpcf7-list-item-label\">Br\u00eame<\/span><\/label><\/span><span class=\"wpcf7-list-item\"><label><input type=\"checkbox\" name=\"Themes[]\" value=\"Cologne\" \/><span class=\"wpcf7-list-item-label\">Cologne<\/span><\/label><\/span><span class=\"wpcf7-list-item\"><label><input type=\"checkbox\" name=\"Themes[]\" value=\"Dresde\" \/><span class=\"wpcf7-list-item-label\">Dresde<\/span><\/label><\/span><span class=\"wpcf7-list-item\"><label><input type=\"checkbox\" name=\"Themes[]\" value=\"Francfort\" \/><span class=\"wpcf7-list-item-label\">Francfort<\/span><\/label><\/span><span class=\"wpcf7-list-item\"><label><input type=\"checkbox\" name=\"Themes[]\" value=\"F\u00fcssen\" \/><span class=\"wpcf7-list-item-label\">F\u00fcssen<\/span><\/label><\/span><span class=\"wpcf7-list-item\"><label><input type=\"checkbox\" name=\"Themes[]\" value=\"Hambourg\" \/><span class=\"wpcf7-list-item-label\">Hambourg<\/span><\/label><\/span><span class=\"wpcf7-list-item\"><label><input type=\"checkbox\" name=\"Themes[]\" value=\"Leipzig\" \/><span class=\"wpcf7-list-item-label\">Leipzig<\/span><\/label><\/span><span class=\"wpcf7-list-item\"><label><input type=\"checkbox\" name=\"Themes[]\" value=\"Munich\" \/><span class=\"wpcf7-list-item-label\">Munich<\/span><\/label><\/span><span class=\"wpcf7-list-item\"><label><input type=\"checkbox\" name=\"Themes[]\" value=\"Nuremberg\" \/><span class=\"wpcf7-list-item-label\">Nuremberg<\/span><\/label><\/span><span class=\"wpcf7-list-item\"><label><input type=\"checkbox\" name=\"Themes[]\" value=\"Ratisbonne\" \/><span class=\"wpcf7-list-item-label\">Ratisbonne<\/span><\/label><\/span><span class=\"wpcf7-list-item\"><label><input type=\"checkbox\" name=\"Themes[]\" value=\"Rothenburg\" \/><span class=\"wpcf7-list-item-label\">Rothenburg<\/span><\/label><\/span><span class=\"wpcf7-list-item last\"><label><input type=\"checkbox\" name=\"Themes[]\" value=\"Weimar\" \/><span class=\"wpcf7-list-item-label\">Weimar<\/span><\/label><\/span><\/span><\/span>\n<\/p>\n<div class=\"demi-colonne\">\n\t<p><b>A quelles dates et \u00e0 quels horaires \u00eates-vous disponible ? *<\/b><span class=\"wpcf7-form-control-wrap\" data-name=\"dispo\"><input size=\"40\" maxlength=\"400\" class=\"wpcf7-form-control wpcf7-text wpcf7-validates-as-required\" aria-required=\"true\" aria-invalid=\"false\" value=\"\" type=\"text\" name=\"dispo\" \/><\/span>\n\t<\/p>\n<\/div>\n<p><span class=\"wpcf7-form-control-wrap\" data-name=\"your-message\"><textarea cols=\"40\" rows=\"10\" maxlength=\"2000\" class=\"wpcf7-form-control wpcf7-textarea\" aria-invalid=\"false\" placeholder=\"Faites-nous part de vos attentes et de vos demandes particuli\u00e8res pour la ou les visites que vous souhaitez r\u00e9server\" name=\"your-message\"><\/textarea><\/span>\n<\/p>\n<p><b>Nombre d'adultes (16 ans et plus) *<\/b><span class=\"wpcf7-form-control-wrap\" data-name=\"adultes\"><input size=\"40\" maxlength=\"400\" class=\"wpcf7-form-control wpcf7-text wpcf7-validates-as-required\" aria-required=\"true\" aria-invalid=\"false\" value=\"\" type=\"text\" name=\"adultes\" \/><\/span>\n<\/p>\n<div data-id=\"enfant\" data-orig_data_id=\"enfant\"  class=\"\" data-class=\"wpcf7cf_group\">\n\t<div class=\"demi-colonne\">\n\t\t<p><b>Nombre de jeunes (10 \u00e0 15 ans)<\/b><span class=\"wpcf7-form-control-wrap\" data-name=\"jeunes\"><input size=\"40\" maxlength=\"400\" class=\"wpcf7-form-control wpcf7-text\" aria-invalid=\"false\" value=\"\" type=\"text\" name=\"jeunes\" \/><\/span>\n\t\t<\/p>\n\t<\/div>\n\t<div class=\"demi-colonne\">\n\t\t<p><b>Nombre d'enfants (moins de 10 ans)<\/b><span class=\"wpcf7-form-control-wrap\" data-name=\"enfants\"><input size=\"40\" maxlength=\"400\" class=\"wpcf7-form-control wpcf7-text\" aria-invalid=\"false\" value=\"\" type=\"text\" name=\"enfants\" \/><\/span>\n\t\t<\/p>\n\t<\/div>\n<\/div>\n<div class=\"demi-colonne\">\n\t<p><b>Votre pr\u00e9nom *<\/b><span class=\"wpcf7-form-control-wrap\" data-name=\"Prenom\"><input size=\"40\" maxlength=\"400\" class=\"wpcf7-form-control wpcf7-text wpcf7-validates-as-required\" aria-required=\"true\" aria-invalid=\"false\" value=\"\" type=\"text\" name=\"Prenom\" \/><\/span>\n\t<\/p>\n<\/div>\n<div class=\"demi-colonne\">\n\t<p><b>Votre nom *<\/b><span class=\"wpcf7-form-control-wrap\" data-name=\"Nom\"><input size=\"40\" maxlength=\"400\" class=\"wpcf7-form-control wpcf7-text wpcf7-validates-as-required\" aria-required=\"true\" aria-invalid=\"false\" value=\"\" type=\"text\" name=\"Nom\" \/><\/span>\n\t<\/p>\n<\/div>\n<div data-id=\"adresse\" data-orig_data_id=\"adresse\"  class=\"\" data-class=\"wpcf7cf_group\">\n\t<div class=\"demi-colonne\">\n\t\t<p><b>Votre adresse (rue et num\u00e9ro) *<\/b><span class=\"wpcf7-form-control-wrap\" data-name=\"rue\"><input size=\"40\" maxlength=\"400\" class=\"wpcf7-form-control wpcf7-text wpcf7-validates-as-required\" aria-required=\"true\" aria-invalid=\"false\" value=\"\" type=\"text\" name=\"rue\" \/><\/span>\n\t\t<\/p>\n\t<\/div>\n\t<div class=\"demi-colonne\">\n\t\t<p><b>Code postal *<\/b><span class=\"wpcf7-form-control-wrap\" data-name=\"code\"><input size=\"40\" maxlength=\"400\" class=\"wpcf7-form-control wpcf7-text wpcf7-validates-as-required\" aria-required=\"true\" aria-invalid=\"false\" value=\"\" type=\"text\" name=\"code\" \/><\/span>\n\t\t<\/p>\n\t<\/div>\n\t<div class=\"demi-colonne\">\n\t\t<p><b>Ville *<\/b><span class=\"wpcf7-form-control-wrap\" data-name=\"ville\"><input size=\"40\" maxlength=\"400\" class=\"wpcf7-form-control wpcf7-text wpcf7-validates-as-required\" aria-required=\"true\" aria-invalid=\"false\" value=\"\" type=\"text\" name=\"ville\" \/><\/span>\n\t\t<\/p>\n\t<\/div>\n\t<div class=\"demi-colonne\">\n\t\t<p><b>Pays *<\/b><span class=\"wpcf7-form-control-wrap\" data-name=\"pays\"><input size=\"40\" maxlength=\"400\" class=\"wpcf7-form-control wpcf7-text wpcf7-validates-as-required\" aria-required=\"true\" aria-invalid=\"false\" value=\"\" type=\"text\" name=\"pays\" \/><\/span>\n\t\t<\/p>\n\t<\/div>\n<\/div>\n<div data-id=\"contact\" data-orig_data_id=\"contact\"  class=\"\" data-class=\"wpcf7cf_group\">\n\t<div class=\"demi-colonne\">\n\t\t<p><b>Votre Email *<\/b><span class=\"wpcf7-form-control-wrap\" data-name=\"your-email\"><input size=\"40\" maxlength=\"400\" class=\"wpcf7-form-control wpcf7-email wpcf7-validates-as-required wpcf7-text wpcf7-validates-as-email\" aria-required=\"true\" aria-invalid=\"false\" value=\"\" type=\"email\" name=\"your-email\" \/><\/span>\n\t\t<\/p>\n\t<\/div>\n\t<div class=\"demi-colonne\">\n\t\t<p><b>Votre num\u00e9ro de t\u00e9l\u00e9phone *<\/b><span class=\"wpcf7-form-control-wrap\" data-name=\"tel-648\"><input size=\"40\" maxlength=\"400\" class=\"wpcf7-form-control wpcf7-tel wpcf7-text wpcf7-validates-as-tel\" aria-invalid=\"false\" value=\"\" type=\"tel\" name=\"tel-648\" \/><\/span>\n\t\t<\/p>\n\t<\/div>\n<\/div>\n<p><b><span class=\"wpcf7-form-control-wrap\" data-name=\"checkbox-374\"><span class=\"wpcf7-form-control wpcf7-checkbox wpcf7-validates-as-required\"><span class=\"wpcf7-list-item first last\"><input type=\"checkbox\" name=\"checkbox-374[]\" value=\"Je confirme avoir lu et approuv\u00e9 la politique de confidentialit\u00e9 et les conditions de vente\" \/><span class=\"wpcf7-list-item-label\">Je confirme avoir lu et approuv\u00e9 la politique de confidentialit\u00e9 et les conditions de vente<\/span><\/span><\/span><\/span>*<\/b>\n<\/p>\n<p>[recaptcha]\n<\/p>\n<p class=\"text-right\"><input class=\"wpcf7-form-control wpcf7-submit has-spinner button radius success\" type=\"submit\" value=\"Envoyer\" \/>\n<\/p><p style=\"display: none !important;\" class=\"akismet-fields-container\" data-prefix=\"_wpcf7_ak_\"><label>&#916;<textarea name=\"_wpcf7_ak_hp_textarea\" cols=\"45\" rows=\"8\" maxlength=\"100\"><\/textarea><\/label><input type=\"hidden\" id=\"ak_js_1\" name=\"_wpcf7_ak_js\" value=\"181\"\/><script>document.getElementById( \"ak_js_1\" ).setAttribute( \"value\", ( new Date() ).getTime() );<\/script><\/p><div class=\"wpcf7-response-output\" aria-hidden=\"true\"><\/div>\n<\/form>\n<\/div>\n<\/div>\n\t\t\t\t\t\t<\/div>\n\t\t\t\t<\/div>\n\t\t\t\t\t<\/div>\n\t\t\t\t<\/div>\n\t\t\t\t<\/div>\n\t\t","protected":false},"excerpt":{"rendered":"<p>Faites-nous part de votre demande de visite priv\u00e9e au moins 24 heures avant le d\u00e9but souhait\u00e9. Si vous n&rsquo;avez pas re\u00e7u de r\u00e9ponse dans les 24 heures, v\u00e9rifiez votre courrier ind\u00e9sirable, en particulier si votre messagerie est orange.frNotez que nous proposons uniquement des visites priv\u00e9es, nous n&rsquo;organisons pas de visites group\u00e9es.<\/p>\n","protected":false},"author":1,"featured_media":0,"parent":0,"menu_order":0,"comment_status":"closed","ping_status":"closed","template":"","meta":{"_seopress_robots_primary_cat":"","_seopress_titles_title":"Visiter l'Allemagne en fran\u00e7ais : envoyez votre demande","_seopress_titles_desc":"","_seopress_robots_index":"","footnotes":""},"class_list":["post-491","page","type-page","status-publish","hentry","entry"],"_links":{"self":[{"href":"https:\/\/goodmorningberlin.com\/allemagne\/wp-json\/wp\/v2\/pages\/491","targetHints":{"allow":["GET"]}}],"collection":[{"href":"https:\/\/goodmorningberlin.com\/allemagne\/wp-json\/wp\/v2\/pages"}],"about":[{"href":"https:\/\/goodmorningberlin.com\/allemagne\/wp-json\/wp\/v2\/types\/page"}],"author":[{"embeddable":true,"href":"https:\/\/goodmorningberlin.com\/allemagne\/wp-json\/wp\/v2\/users\/1"}],"replies":[{"embeddable":true,"href":"https:\/\/goodmorningberlin.com\/allemagne\/wp-json\/wp\/v2\/comments?post=491"}],"version-history":[{"count":1,"href":"https:\/\/goodmorningberlin.com\/allemagne\/wp-json\/wp\/v2\/pages\/491\/revisions"}],"predecessor-version":[{"id":2350,"href":"https:\/\/goodmorningberlin.com\/allemagne\/wp-json\/wp\/v2\/pages\/491\/revisions\/2350"}],"wp:attachment":[{"href":"https:\/\/goodmorningberlin.com\/allemagne\/wp-json\/wp\/v2\/media?parent=491"}],"curies":[{"name":"wp","href":"https:\/\/api.w.org\/{rel}","templated":true}]}}